{"id":55,"date":"2023-10-09T16:43:05","date_gmt":"2023-10-09T14:43:05","guid":{"rendered":"https:\/\/easy-edge-cloud.de\/?page_id=55"},"modified":"2023-10-09T16:43:05","modified_gmt":"2023-10-09T14:43:05","slug":"empolis-information-management-gmbh","status":"publish","type":"page","link":"https:\/\/easy-edge-cloud.de\/?page_id=55","title":{"rendered":"Empolis Information Management GmbH"},"content":{"rendered":"\n<p>Die Empolis Information Management GmbH ist einer der f\u00fchrenden Anbieter von KI-basierten L\u00f6sungen in Deutschland. Insbesondere bei der Erschlie\u00dfung von schwach-strukturierten Dokumenten f\u00fcr Industrie, Patent\u00e4mter &amp; \u00d6ffentliche Verwaltung ist Empolis f\u00fchrend. Das Angebotsspektrum konzentriert sich auf zwei Bereiche: Zum einen bietet Empolis KI-basierte Wissensmanagement-L\u00f6sungen f\u00fcr die fertigende Industrie, mit denen die Erstellung und Nutzung von Informationen \u00fcber Maschinen und Anlagen \u00fcber den gesamten Lebenszyklus unterst\u00fctzt werden. Das Kernprodukt in diesem Umfeld wird unter der Marke \u201cEmpolis Service Express\u201d als schl\u00fcsselfertige Software-as-a-Service-L\u00f6sung von zahlreichen Maschinen- und Anlagenherstellern aus aller Welt eingesetzt, um KI-basiert Probleme an Maschinen und Anlagen fr\u00fchzeitig zu erkennen, zu verhindern oder bei der L\u00f6sung solcher Probleme zu unterst\u00fctzen.\u00a0<\/p>\n\n\n\n<p>F\u00fcr Finanzindustrie, Beh\u00f6rden und \u00f6ffentliche Einrichtungen setzt Empolis L\u00f6sungen zur Entscheidungsunterst\u00fctzung auf Basis datenbasierter Lagebilder um und stellt daf\u00fcr unter der Marke \u201cEmpolis Smart Cloud\u201d ein Plattform-as-a-Service-Angebot bereit, auf dem Empolis selbst, aber auch Partner und Endkunden skalierende KI-L\u00f6sungen umsetzen. Insbesondere bei Sicherheitsbeh\u00f6rden wird die L\u00f6sungsumsetzung auch on Premise unterst\u00fctzt.&nbsp;<\/p>\n\n\n\n<p>Technologisch basieren Empolis-L\u00f6sungen wesentlich auf drei Kerntechnologien: Einer DataHub-Technologie, die die skalierende Verarbeitung und Nutzung gro\u00dfer und volatiler Mengen strukturierter und unstrukturierter Daten unterst\u00fctzt, einer Insight-Engine, die gleicherma\u00dfen mit symbolischen wie subsymbolischen Verfahren Muster und Informationen aus Daten gewinnen kann und einer Knowledge-Graph-Komponente, in der Informationen in ihren spezifischen Zusammenh\u00e4ngen verkn\u00fcpft werden k\u00f6nnen.&nbsp;<\/p>\n\n\n\n<p>Als Dienstleister f\u00fcr die Unterst\u00fctzung bei kritischen Entscheidern legt Empolis besonderen Wert auf Datenschutz, Datensicherheit und &#8211; insbesondere beim Einsatz von KI-Verfahren &#8211; auf die Nachvollziehbarkeit und Pr\u00fcfbarkeit von KI-basierten Entscheidungen sowie auf die letztliche Verantwortung menschlicher Entscheider. Entsprechend basieren Empolis-L\u00f6sungen in der Regel auf hybriden KI-Verfahren.&nbsp;<\/p>\n\n\n\n<p>Der Hauptsitz des Unternehmens ist in Kaiserslautern, weitere Standorte sind Bielefeld, Rimpar, Darmstadt und Berlin.&nbsp;<\/p>\n\n\n\n<figure class=\"wp-block-image size-full\"><a href=\"http:\/\/www.empolis.com\"><img loading=\"lazy\" decoding=\"async\" width=\"300\" height=\"168\" src=\"https:\/\/easy-edge-cloud.de\/wp-content\/uploads\/2023\/10\/Empolis.png\" alt=\"\" class=\"wp-image-31\"\/><\/a><\/figure>\n","protected":false},"excerpt":{"rendered":"<p>Die Empolis Information Management GmbH ist einer der f\u00fchrenden Anbieter von KI-basierten L\u00f6sungen in Deutschland. Insbesondere bei der Erschlie\u00dfung von schwach-strukturierten Dokumenten f\u00fcr Industrie, Patent\u00e4mter &amp; \u00d6ffentliche Verwaltung ist Empolis f\u00fchrend. Das Angebotsspektrum konzentriert sich auf zwei Bereiche: Zum einen bietet Empolis KI-basierte Wissensmanagement-L\u00f6sungen f\u00fcr die fertigende Industrie, mit denen die Erstellung und Nutzung von &hellip; <a href=\"https:\/\/easy-edge-cloud.de\/?page_id=55\" class=\"more-link\"><span class=\"screen-reader-text\">Empolis Information Management GmbH<\/span> weiterlesen<\/a><\/p>\n","protected":false},"author":2,"featured_media":0,"parent":0,"menu_order":0,"comment_status":"closed","ping_status":"closed","template":"","meta":{"footnotes":""},"class_list":["post-55","page","type-page","status-publish","hentry"],"_links":{"self":[{"href":"https:\/\/easy-edge-cloud.de\/index.php?rest_route=\/wp\/v2\/pages\/55","targetHints":{"allow":["GET"]}}],"collection":[{"href":"https:\/\/easy-edge-cloud.de\/index.php?rest_route=\/wp\/v2\/pages"}],"about":[{"href":"https:\/\/easy-edge-cloud.de\/index.php?rest_route=\/wp\/v2\/types\/page"}],"author":[{"embeddable":true,"href":"https:\/\/easy-edge-cloud.de\/index.php?rest_route=\/wp\/v2\/users\/2"}],"replies":[{"embeddable":true,"href":"https:\/\/easy-edge-cloud.de\/index.php?rest_route=%2Fwp%2Fv2%2Fcomments&post=55"}],"version-history":[{"count":1,"href":"https:\/\/easy-edge-cloud.de\/index.php?rest_route=\/wp\/v2\/pages\/55\/revisions"}],"predecessor-version":[{"id":56,"href":"https:\/\/easy-edge-cloud.de\/index.php?rest_route=\/wp\/v2\/pages\/55\/revisions\/56"}],"wp:attachment":[{"href":"https:\/\/easy-edge-cloud.de\/index.php?rest_route=%2Fwp%2Fv2%2Fmedia&parent=55"}],"curies":[{"name":"wp","href":"https:\/\/api.w.org\/{rel}","templated":true}]}}