{"id":51,"date":"2023-10-09T16:22:41","date_gmt":"2023-10-09T14:22:41","guid":{"rendered":"https:\/\/easy-edge-cloud.de\/?page_id=51"},"modified":"2023-10-09T16:22:41","modified_gmt":"2023-10-09T14:22:41","slug":"salzburg-research-forschungsgesellschaft","status":"publish","type":"page","link":"https:\/\/easy-edge-cloud.de\/?page_id=51","title":{"rendered":"Salzburg Research Forschungsgesellschaft"},"content":{"rendered":"\n<p>Salzburg Research bietet als unabh\u00e4ngiges Forschungsinstitut Know-how und nachhaltige L\u00f6sungen f\u00fcr komplexe Herausforderungen im Internet der Dinge. Wir sind Partner bei der Bew\u00e4ltigung digitaler Innovationsherausforderungen. Wir erstellen Software-Prototypen, f\u00fchren Feldstudien durch und evaluieren Technologien, um Organisationen dabei zu unterst\u00fctzen, fundierte Entscheidungen \u00fcber ihr zuk\u00fcnftiges digitales Gesch\u00e4ft zu treffen.<\/p>\n\n\n\n<p><strong>Intelligent Connectivity: Zuverl\u00e4ssig vernetzt<\/strong><\/p>\n\n\n\n<p>Auf die Vernetzung kommt es an: Grundlage f\u00fcr das Internet der Dinge ist ein zuverl\u00e4ssiges, sicheres und zunehmend drahtloses Netzwerk. Unterschiedlichste, meist mobile Ger\u00e4te und Komponenten werden vernetzt, gro\u00dfe Datenmengen schnell, sicher und kosteng\u00fcnstig transportiert \u2013 privat und in Unternehmen. Wir untersuchen die Qualit\u00e4t von Netzen und verteilten Systemen, planen und entwickeln anspruchsvolle und zuverl\u00e4ssige Kommunikationsl\u00f6sungen sowie deren Monitoring und Management. Damit die Dinge sicher ans Netz kommen \u2013 vertrauensw\u00fcrdig und zuverl\u00e4ssig.<\/p>\n\n\n\n<p><strong>Rolle im Projekt EASY<\/strong><\/p>\n\n\n\n<p>Verf\u00fcgbare Bandbreiten und die Latenz im Edge-Cloud-Kontinuum sind wichtige Eingangsparameter zur Optimierung und Verteilung der Dienste. Salzburg Research erforscht im Rahmen des Projekts EASY effiziente Analyseprozesse zur Bewertung und Vorhersage der Kommunikationsperformanz von Knoten entlang des Edge-Cloud-Kontinuums. Au\u00dferdem sollen mit den Methoden des f\u00f6deralen maschinellen Lernens die Anomalie-Erkennung in industriellen Kommunikationsnetzen verbessert werden. Diese Dienste werden in der Laufzeitumgebung des Gesamtprojektes integriert und anschlie\u00dfend in einem Laborprototyp evaluiert. Zielgruppen der Ergebnisse sind produzierende Industrie, KMUs, Maschinenhersteller, Cloud-Dienste-Anbieter, sowie Forschungseinrichtungen.<\/p>\n\n\n\n<figure class=\"wp-block-image size-full\"><a href=\"https:\/\/www.salzburgresearch.at\/projekt\/easy\/\"><img loading=\"lazy\" decoding=\"async\" width=\"345\" height=\"146\" src=\"https:\/\/easy-edge-cloud.de\/wp-content\/uploads\/2023\/10\/srfg.png\" alt=\"\" class=\"wp-image-35\" srcset=\"https:\/\/easy-edge-cloud.de\/wp-content\/uploads\/2023\/10\/srfg.png 345w, https:\/\/easy-edge-cloud.de\/wp-content\/uploads\/2023\/10\/srfg-300x127.png 300w\" sizes=\"auto, (max-width: 345px) 100vw, 345px\" \/><\/a><\/figure>\n","protected":false},"excerpt":{"rendered":"<p>Salzburg Research bietet als unabh\u00e4ngiges Forschungsinstitut Know-how und nachhaltige L\u00f6sungen f\u00fcr komplexe Herausforderungen im Internet der Dinge. Wir sind Partner bei der Bew\u00e4ltigung digitaler Innovationsherausforderungen. Wir erstellen Software-Prototypen, f\u00fchren Feldstudien durch und evaluieren Technologien, um Organisationen dabei zu unterst\u00fctzen, fundierte Entscheidungen \u00fcber ihr zuk\u00fcnftiges digitales Gesch\u00e4ft zu treffen. Intelligent Connectivity: Zuverl\u00e4ssig vernetzt Auf die Vernetzung &hellip; <a href=\"https:\/\/easy-edge-cloud.de\/?page_id=51\" class=\"more-link\"><span class=\"screen-reader-text\">Salzburg Research Forschungsgesellschaft<\/span> weiterlesen<\/a><\/p>\n","protected":false},"author":2,"featured_media":0,"parent":0,"menu_order":0,"comment_status":"closed","ping_status":"closed","template":"","meta":{"footnotes":""},"class_list":["post-51","page","type-page","status-publish","hentry"],"_links":{"self":[{"href":"https:\/\/easy-edge-cloud.de\/index.php?rest_route=\/wp\/v2\/pages\/51","targetHints":{"allow":["GET"]}}],"collection":[{"href":"https:\/\/easy-edge-cloud.de\/index.php?rest_route=\/wp\/v2\/pages"}],"about":[{"href":"https:\/\/easy-edge-cloud.de\/index.php?rest_route=\/wp\/v2\/types\/page"}],"author":[{"embeddable":true,"href":"https:\/\/easy-edge-cloud.de\/index.php?rest_route=\/wp\/v2\/users\/2"}],"replies":[{"embeddable":true,"href":"https:\/\/easy-edge-cloud.de\/index.php?rest_route=%2Fwp%2Fv2%2Fcomments&post=51"}],"version-history":[{"count":1,"href":"https:\/\/easy-edge-cloud.de\/index.php?rest_route=\/wp\/v2\/pages\/51\/revisions"}],"predecessor-version":[{"id":52,"href":"https:\/\/easy-edge-cloud.de\/index.php?rest_route=\/wp\/v2\/pages\/51\/revisions\/52"}],"wp:attachment":[{"href":"https:\/\/easy-edge-cloud.de\/index.php?rest_route=%2Fwp%2Fv2%2Fmedia&parent=51"}],"curies":[{"name":"wp","href":"https:\/\/api.w.org\/{rel}","templated":true}]}}