{"id":49,"date":"2023-10-09T16:21:03","date_gmt":"2023-10-09T14:21:03","guid":{"rendered":"https:\/\/easy-edge-cloud.de\/?page_id=49"},"modified":"2023-10-09T16:21:03","modified_gmt":"2023-10-09T14:21:03","slug":"robert-bosch-gmbh","status":"publish","type":"page","link":"https:\/\/easy-edge-cloud.de\/?page_id=49","title":{"rendered":"Robert Bosch GmbH"},"content":{"rendered":"\n<p>Die\u00a0<strong>Bosch<\/strong>-Gruppe z\u00e4hlt zu den weltweit f\u00fchrenden Technologieunternehmen und treibt die Industrie 4.0 gleicherma\u00dfen als Leitanwender und als Leitanbieter voran. Die Zielsetzung des Projektes ist es, neue Methoden und Verfahren f\u00fcr die effiziente, sensornahe und dadurch verteile Datengewinnung, -analyse und KI-gest\u00fctzte Modellbildung zu erforschen und praxistauglich umzusetzen. Durch diese M\u00f6glichkeiten versprechen wir uns einen Wettbewerbsvorteil hinsichtlich der Leistungsf\u00e4higkeit und Qualit\u00e4t unserer Produkte f\u00fcr die Fabrik der Zukunft, sowie die Erhaltung der Konkurrenzf\u00e4higkeit hinsichtlich Fertigungskosten an Hochlohnstandorten.\u00a0\u00a0<br>Hierf\u00fcr sollen in EASY zun\u00e4chst die methodischen Grundlagen gelegt werden, um dann im Rahmen der vorwettbewerblichen Entwicklung die industrielle Nutzbarkeit ma\u00dfgeblich voranzutreiben. Die Robert Bosch GmbH ist in EASY durch die zentrale Forschungseinheit vertreten, was die Verwertung der Ergebnisse f\u00fcr alle Gesch\u00e4ftszweige des Konzerns erm\u00f6glicht. Die entwickelten Verfahren sollen daf\u00fcr zun\u00e4chst mittels eines Labordemonstrators mit realen Daten erprobt werden, wof\u00fcr die zentrale Forschung mit der hauseigenen Robert Bosch Manufacturing GmbH sowie mehreren Werken im Austausch steht. Bereits fr\u00fch soll Kontakt mit Anbietern von Bosch-Industrieprodukten zur Entwicklung zuk\u00fcnftiger intelligenter Steuerungen (Bosch Rexroth, ctrlX-Produktfamilie), sowie der Integration leistungsf\u00e4higer AI-Analytik (BCI, NEXEED Industrial Application System) gekn\u00fcpft werden. Um diese Kontakte zielgerichtet zu nutzen, besteht ein Arbeitspaket in EASY aus der Erarbeitung von Industrialisierungskonzepten gemeinsam mit den genannten Partnern. Die erarbeiteten Konzepte sollen schlie\u00dflich als Demonstrationsaufbau in der Forschungsfabrik ARENA2036 in Stuttgart gezeigt werden. Dort werden wichtige Aspekte des Teilvorhabens in die \u00fcbergeordnete Vision der Bosch Factory-of-the-Future integriert und dadurch einem breiten Fachpublikum pr\u00e4sentiert werden.<\/p>\n\n\n\n<figure class=\"wp-block-image size-full\"><a href=\"https:\/\/www.bosch.com\/de\/\"><img loading=\"lazy\" decoding=\"async\" width=\"346\" height=\"146\" src=\"https:\/\/easy-edge-cloud.de\/wp-content\/uploads\/2023\/10\/Bosch.png\" alt=\"\" class=\"wp-image-26\" srcset=\"https:\/\/easy-edge-cloud.de\/wp-content\/uploads\/2023\/10\/Bosch.png 346w, https:\/\/easy-edge-cloud.de\/wp-content\/uploads\/2023\/10\/Bosch-300x127.png 300w\" sizes=\"auto, (max-width: 346px) 100vw, 346px\" \/><\/a><\/figure>\n","protected":false},"excerpt":{"rendered":"<p>Die\u00a0Bosch-Gruppe z\u00e4hlt zu den weltweit f\u00fchrenden Technologieunternehmen und treibt die Industrie 4.0 gleicherma\u00dfen als Leitanwender und als Leitanbieter voran. Die Zielsetzung des Projektes ist es, neue Methoden und Verfahren f\u00fcr die effiziente, sensornahe und dadurch verteile Datengewinnung, -analyse und KI-gest\u00fctzte Modellbildung zu erforschen und praxistauglich umzusetzen. Durch diese M\u00f6glichkeiten versprechen wir uns einen Wettbewerbsvorteil hinsichtlich &hellip; <a href=\"https:\/\/easy-edge-cloud.de\/?page_id=49\" class=\"more-link\"><span class=\"screen-reader-text\">Robert Bosch GmbH<\/span> weiterlesen<\/a><\/p>\n","protected":false},"author":2,"featured_media":0,"parent":0,"menu_order":0,"comment_status":"closed","ping_status":"closed","template":"","meta":{"footnotes":""},"class_list":["post-49","page","type-page","status-publish","hentry"],"_links":{"self":[{"href":"https:\/\/easy-edge-cloud.de\/index.php?rest_route=\/wp\/v2\/pages\/49","targetHints":{"allow":["GET"]}}],"collection":[{"href":"https:\/\/easy-edge-cloud.de\/index.php?rest_route=\/wp\/v2\/pages"}],"about":[{"href":"https:\/\/easy-edge-cloud.de\/index.php?rest_route=\/wp\/v2\/types\/page"}],"author":[{"embeddable":true,"href":"https:\/\/easy-edge-cloud.de\/index.php?rest_route=\/wp\/v2\/users\/2"}],"replies":[{"embeddable":true,"href":"https:\/\/easy-edge-cloud.de\/index.php?rest_route=%2Fwp%2Fv2%2Fcomments&post=49"}],"version-history":[{"count":1,"href":"https:\/\/easy-edge-cloud.de\/index.php?rest_route=\/wp\/v2\/pages\/49\/revisions"}],"predecessor-version":[{"id":50,"href":"https:\/\/easy-edge-cloud.de\/index.php?rest_route=\/wp\/v2\/pages\/49\/revisions\/50"}],"wp:attachment":[{"href":"https:\/\/easy-edge-cloud.de\/index.php?rest_route=%2Fwp%2Fv2%2Fmedia&parent=49"}],"curies":[{"name":"wp","href":"https:\/\/api.w.org\/{rel}","templated":true}]}}