{"id":47,"date":"2023-10-09T16:18:34","date_gmt":"2023-10-09T14:18:34","guid":{"rendered":"https:\/\/easy-edge-cloud.de\/?page_id=47"},"modified":"2023-10-09T16:18:34","modified_gmt":"2023-10-09T14:18:34","slug":"fraunhofer-institut-iosb-ina","status":"publish","type":"page","link":"https:\/\/easy-edge-cloud.de\/?page_id=47","title":{"rendered":"Fraunhofer-Institut IOSB-INA"},"content":{"rendered":"\n<p>Das Fraunhofer-Institut in Lemgo ist eine f\u00fchrende Forschungseinrichtung im Bereich der industriellen Automation. Mit rund 100 Mitarbeitenden entwickelt und forscht das Fraunhofer IOSB-INA auf den folgenden Gebieten: Intelligente Sensorsysteme, Industrielle Kommunikation und IoT, Big Data Plattformen, Maschinelles Lernen, Symbolische Verfahren und Optimierung, Assistenzsysteme und Cybersicherheit.<\/p>\n\n\n\n<p>Mit der SmartFactoryOWL und Lemgo Digital werden von Fraunhofer in Lemgo zwei herausragende Reallabore f\u00fcr die Nutzung von IoT-Technologien in der Fabrik der Zukunft und der Digitalen Stadt betrieben. Dadurch ergibt sich eine enge R\u00fcckkopplung zwischen anwendungsorientierter Forschung und dem praktischen Einsatz neuer Technologien in der Praxis. Bereits in vielen Forschungs- und Industrieprojekten konnte das Fraunhofer-Institut in Lemgo seine Expertise im Einsatz von KI-Methoden und der Dateninfrastruktur f\u00fcr die industrielle Produktion sch\u00e4rfen. Somit verf\u00fcgt Fraunhofer \u00fcber eine langj\u00e4hrige Erfahrung, insbesondere hinsichtlich der Entwicklung geeigneter Informationsmodelle und Algorithmen sowie in dem Aufbau geeigneter IT- und Algorithmen-Infrastrukturen.<\/p>\n\n\n\n<p>Bezogen auf das Gesamtvorhaben bilden die beiden Forschungsschwerpunkte des Fraunhofer IOSB-INA, namentlich die Dateninfrastruktur und verteilte Methoden zur Ursachenermittlung von Anomalien, eine inhaltliche Klammer. Die Dateninfrastruktur stellt die semantische und logische Basis zur Entwicklung von Condition-Monitoring-Verfahren, welche f\u00fcr die holistische \u00dcberwachung von komplexen Produktionslinien eingesetzt werden sollen. Der f\u00fcr Anwenderunternehmen wichtige Schluss von der Anomalie eines komplexen Systems zur Ursachenangabe wird durch die zu entwickelnden Diagnosemethoden vorgenommen. Insofern tr\u00e4gt Fraunhofer entscheidend zu einem nachhaltigen und praxisorientierten Einsatz von KI-Verfahren im Edge-Cloud-Kontinuum bei.<\/p>\n\n\n\n<p>Das Fraunhofer IOSB-INA stellt die folgenden sechs Kernkomponenten sicher:<\/p>\n\n\n\n<ul class=\"wp-block-list\">\n<li>Cloud-\u00fcbergreifende Industrie 4.0 Service- und Dateninfrastruktur<\/li>\n\n\n\n<li>KI-integrierende Digitale Zwillinge<\/li>\n\n\n\n<li>Datensouver\u00e4nit\u00e4t der Digitalen Zwillinge<\/li>\n\n\n\n<li>Fehlerdiagnostik in modularen Systemen<\/li>\n\n\n\n<li>Fehlerdiagnostik in f\u00f6deralen Lernsystemen<\/li>\n\n\n\n<li>Erprobung der EASY-Plattform in einer Standort\u00fcbergreifende Demonstration zwischen der SmartFactoryKL in Kaiserslautern und der SmartFactoryOWL in Lemgo<\/li>\n<\/ul>\n\n\n\n<figure class=\"wp-block-image size-large\"><a href=\"https:\/\/www.iosb-ina.fraunhofer.de\/\"><img loading=\"lazy\" decoding=\"async\" width=\"1024\" height=\"285\" src=\"https:\/\/easy-edge-cloud.de\/wp-content\/uploads\/2023\/10\/IOSB-INA-1024x285.jpg\" alt=\"\" class=\"wp-image-33\" srcset=\"https:\/\/easy-edge-cloud.de\/wp-content\/uploads\/2023\/10\/IOSB-INA-1024x285.jpg 1024w, https:\/\/easy-edge-cloud.de\/wp-content\/uploads\/2023\/10\/IOSB-INA-300x84.jpg 300w, https:\/\/easy-edge-cloud.de\/wp-content\/uploads\/2023\/10\/IOSB-INA-768x214.jpg 768w, https:\/\/easy-edge-cloud.de\/wp-content\/uploads\/2023\/10\/IOSB-INA-1536x428.jpg 1536w, https:\/\/easy-edge-cloud.de\/wp-content\/uploads\/2023\/10\/IOSB-INA-2048x570.jpg 2048w\" sizes=\"auto, (max-width: 1024px) 100vw, 1024px\" \/><\/a><\/figure>\n","protected":false},"excerpt":{"rendered":"<p>Das Fraunhofer-Institut in Lemgo ist eine f\u00fchrende Forschungseinrichtung im Bereich der industriellen Automation. Mit rund 100 Mitarbeitenden entwickelt und forscht das Fraunhofer IOSB-INA auf den folgenden Gebieten: Intelligente Sensorsysteme, Industrielle Kommunikation und IoT, Big Data Plattformen, Maschinelles Lernen, Symbolische Verfahren und Optimierung, Assistenzsysteme und Cybersicherheit. Mit der SmartFactoryOWL und Lemgo Digital werden von Fraunhofer in &hellip; <a href=\"https:\/\/easy-edge-cloud.de\/?page_id=47\" class=\"more-link\"><span class=\"screen-reader-text\">Fraunhofer-Institut IOSB-INA<\/span> weiterlesen<\/a><\/p>\n","protected":false},"author":2,"featured_media":0,"parent":0,"menu_order":0,"comment_status":"closed","ping_status":"closed","template":"","meta":{"footnotes":""},"class_list":["post-47","page","type-page","status-publish","hentry"],"_links":{"self":[{"href":"https:\/\/easy-edge-cloud.de\/index.php?rest_route=\/wp\/v2\/pages\/47","targetHints":{"allow":["GET"]}}],"collection":[{"href":"https:\/\/easy-edge-cloud.de\/index.php?rest_route=\/wp\/v2\/pages"}],"about":[{"href":"https:\/\/easy-edge-cloud.de\/index.php?rest_route=\/wp\/v2\/types\/page"}],"author":[{"embeddable":true,"href":"https:\/\/easy-edge-cloud.de\/index.php?rest_route=\/wp\/v2\/users\/2"}],"replies":[{"embeddable":true,"href":"https:\/\/easy-edge-cloud.de\/index.php?rest_route=%2Fwp%2Fv2%2Fcomments&post=47"}],"version-history":[{"count":1,"href":"https:\/\/easy-edge-cloud.de\/index.php?rest_route=\/wp\/v2\/pages\/47\/revisions"}],"predecessor-version":[{"id":48,"href":"https:\/\/easy-edge-cloud.de\/index.php?rest_route=\/wp\/v2\/pages\/47\/revisions\/48"}],"wp:attachment":[{"href":"https:\/\/easy-edge-cloud.de\/index.php?rest_route=%2Fwp%2Fv2%2Fmedia&parent=47"}],"curies":[{"name":"wp","href":"https:\/\/api.w.org\/{rel}","templated":true}]}}