{"id":22,"date":"2023-10-09T13:38:04","date_gmt":"2023-10-09T13:38:04","guid":{"rendered":"https:\/\/easy-edge-cloud.de\/?page_id=22"},"modified":"2023-10-09T13:51:14","modified_gmt":"2023-10-09T13:51:14","slug":"dfki","status":"publish","type":"page","link":"https:\/\/easy-edge-cloud.de\/?page_id=22","title":{"rendered":"DFKI"},"content":{"rendered":"\n<p>Das DFKI (<a href=\"https:\/\/www.dfki.de\/\">dfki.de<\/a>) ist auf dem Gebiet innovativer Softwaretechnologien auf der Basis von Methoden der K\u00fcnstlichen Intelligenz die f\u00fchrende wirtschaftsnahe Forschungseinrichtung Deutschlands. In 27 Forschungsbereichen, neun Kompetenzzentren und acht Living Labs werden ausgehend von anwendungsorientierter Grundlagenforschung Produktfunktionen, Prototypen und patentf\u00e4hige L\u00f6sungen im Bereich der Informations- und Kommunikationstechnologie entwickelt.<\/p>\n\n\n\n<figure class=\"wp-block-image size-large\"><img loading=\"lazy\" decoding=\"async\" width=\"1024\" height=\"683\" src=\"https:\/\/easy-edge-cloud.de\/wp-content\/uploads\/2023\/10\/Smart-Factory-Kaiserslautern-1-1024x683.jpg\" alt=\"\" class=\"wp-image-39\" srcset=\"https:\/\/easy-edge-cloud.de\/wp-content\/uploads\/2023\/10\/Smart-Factory-Kaiserslautern-1-1024x683.jpg 1024w, https:\/\/easy-edge-cloud.de\/wp-content\/uploads\/2023\/10\/Smart-Factory-Kaiserslautern-1-300x200.jpg 300w, https:\/\/easy-edge-cloud.de\/wp-content\/uploads\/2023\/10\/Smart-Factory-Kaiserslautern-1-768x512.jpg 768w, https:\/\/easy-edge-cloud.de\/wp-content\/uploads\/2023\/10\/Smart-Factory-Kaiserslautern-1-1536x1024.jpg 1536w, https:\/\/easy-edge-cloud.de\/wp-content\/uploads\/2023\/10\/Smart-Factory-Kaiserslautern-1-2048x1366.jpg 2048w\" sizes=\"auto, (max-width: 1024px) 100vw, 1024px\" \/><\/figure>\n\n\n\n<p>Im Rahmen des Projektes EASY (Energieeffiziente Analyse und Steuerungsprozesse im dynamischen Edge-Cloud-Kontinuum f\u00fcr die industrielle Fertigung) ist das DFKI mit dem Forschungsbereich Innovative Fabriksysteme (Leitung: Prof. Dr. Ing. Martin Ruskowski) und dem Teilforschungsbereich Erfahrungsbasierte Lernende Systeme (Leitung: Prof. Dr. Ralph Bergmann) beteiligt.<\/p>\n\n\n\n<p>Das DFKI ist an mehreren Forschungsaspekten innerhalb des Projektes beteiligt. Dazu geh\u00f6rt die Bereitstellung einer neuartigen Laufzeitumgebung f\u00fcr ein dynamisches Edge-Cloud Kontinuum sowie darauf ausf\u00fchrbare offene und standardisierte Dienste. Des Weiteren erforscht das DFKI wie die ressourcenoptimierte Orchestrierung der Rechenoperationen auf den verschiedenen Stufen der Edge-Cloud-Hierarchie erm\u00f6glicht werden kann. Das vom DFKI geleitete Arbeitspaket besch\u00e4ftigt sich mit einer flexiblen, effizienten und resilienten Gestaltung und Steuerung von Fertigungsprozessen. Dabei sollen KI-Methoden zur Workflowgestaltung in Verbindung mit zentralen Planungskomponenten entwickelt werden. Ein weiterer Fokus liegt auf der Anpassung der Methoden des Fallbasierten Schlie\u00dfens f\u00fcr eine Verteilte Ausf\u00fchrung zwischen Cloud und Edge.<\/p>\n\n\n\n<p>Die erarbeiteten Konzepte werden im Testfeld des SmartFactory Living Labs des DFKI in Kaiserslautern demonstriert. In der SmartFactory kommen verschiedene Cloud-L\u00f6sungen innerhalb eines Produktionsnetzwerks zum Einsatz. Weitere Informationen zu der Projektbeteiligung des DFKI sind unter folgendem Link verf\u00fcgbar:&nbsp;<a href=\"https:\/\/www.dfki.de\/web\/forschung\/projekte-publikationen\/projekt\/easy\">https:\/\/www.dfki.de\/web\/forschung\/projekte-publikationen\/projekt\/easy<\/a><\/p>\n\n\n\n<figure class=\"wp-block-image size-full\"><a href=\"https:\/\/www.dfki.de\/web\/forschung\/projekte-publikationen\/projekt\/easy\"><img loading=\"lazy\" decoding=\"async\" width=\"225\" height=\"225\" src=\"https:\/\/easy-edge-cloud.de\/wp-content\/uploads\/2023\/10\/DFKI.jpeg\" alt=\"\" class=\"wp-image-29\" srcset=\"https:\/\/easy-edge-cloud.de\/wp-content\/uploads\/2023\/10\/DFKI.jpeg 225w, https:\/\/easy-edge-cloud.de\/wp-content\/uploads\/2023\/10\/DFKI-150x150.jpeg 150w\" sizes=\"auto, (max-width: 225px) 100vw, 225px\" \/><\/a><\/figure>\n","protected":false},"excerpt":{"rendered":"<p>Das DFKI (dfki.de) ist auf dem Gebiet innovativer Softwaretechnologien auf der Basis von Methoden der K\u00fcnstlichen Intelligenz die f\u00fchrende wirtschaftsnahe Forschungseinrichtung Deutschlands. In 27 Forschungsbereichen, neun Kompetenzzentren und acht Living Labs werden ausgehend von anwendungsorientierter Grundlagenforschung Produktfunktionen, Prototypen und patentf\u00e4hige L\u00f6sungen im Bereich der Informations- und Kommunikationstechnologie entwickelt. Im Rahmen des Projektes EASY (Energieeffiziente Analyse &hellip; <a href=\"https:\/\/easy-edge-cloud.de\/?page_id=22\" class=\"more-link\"><span class=\"screen-reader-text\">DFKI<\/span> weiterlesen<\/a><\/p>\n","protected":false},"author":2,"featured_media":0,"parent":0,"menu_order":0,"comment_status":"closed","ping_status":"closed","template":"","meta":{"footnotes":""},"class_list":["post-22","page","type-page","status-publish","hentry"],"_links":{"self":[{"href":"https:\/\/easy-edge-cloud.de\/index.php?rest_route=\/wp\/v2\/pages\/22","targetHints":{"allow":["GET"]}}],"collection":[{"href":"https:\/\/easy-edge-cloud.de\/index.php?rest_route=\/wp\/v2\/pages"}],"about":[{"href":"https:\/\/easy-edge-cloud.de\/index.php?rest_route=\/wp\/v2\/types\/page"}],"author":[{"embeddable":true,"href":"https:\/\/easy-edge-cloud.de\/index.php?rest_route=\/wp\/v2\/users\/2"}],"replies":[{"embeddable":true,"href":"https:\/\/easy-edge-cloud.de\/index.php?rest_route=%2Fwp%2Fv2%2Fcomments&post=22"}],"version-history":[{"count":3,"href":"https:\/\/easy-edge-cloud.de\/index.php?rest_route=\/wp\/v2\/pages\/22\/revisions"}],"predecessor-version":[{"id":41,"href":"https:\/\/easy-edge-cloud.de\/index.php?rest_route=\/wp\/v2\/pages\/22\/revisions\/41"}],"wp:attachment":[{"href":"https:\/\/easy-edge-cloud.de\/index.php?rest_route=%2Fwp%2Fv2%2Fmedia&parent=22"}],"curies":[{"name":"wp","href":"https:\/\/api.w.org\/{rel}","templated":true}]}}