{"id":20,"date":"2023-10-09T13:35:21","date_gmt":"2023-10-09T13:35:21","guid":{"rendered":"https:\/\/easy-edge-cloud.de\/?page_id=20"},"modified":"2025-12-02T12:37:13","modified_gmt":"2025-12-02T11:37:13","slug":"easy-energieeffiziente-analyse-und-steuerungsprozesse-im-dynamischen-edge-cloud-kontinuum-fur-die-industrielle-fertigung","status":"publish","type":"page","link":"https:\/\/easy-edge-cloud.de\/","title":{"rendered":"EASY"},"content":{"rendered":"\n<p><strong>Energieeffiziente Analyse- und Steuerungsprozesse im dynamischen Edge-Cloud-Kontinuum f\u00fcr die industrielle Fertigung<\/strong><\/p>\n\n\n\n<p>EASY ist ein vom Bundesministerium f\u00fcr Wirtschaft und Klimaschutz im Rahmen des Programms <a href=\"https:\/\/www.digitale-technologien.de\/DT\/Navigation\/DE\/ProgrammeProjekte\/AktuelleTechnologieprogramme\/Edge_Datenwirtschaft\/edge_dw.html\">Edge Datenwirtschaft<\/a> gef\u00f6rdertes Projekt.<\/p>\n\n\n\n<p>F\u00fcr die Fertigungsorganisation nach dem Leitbild der Industrie 4.0, erm\u00f6glicht das Edge Computing die datensouver\u00e4ne, echtzeitnahe Verarbeitung von Daten direkt am Ort der Entstehung. Durch die mit Edge Computing einhergehende deutliche Reduktion der Latenzzeiten wird die produktionsnahe Nutzung industrieller Analytik-, Steuerungs- und KI-Anwendungen vorangetrieben. Dies verspricht eine Steigerung von Produktivit\u00e4t und Ressourceneffizienz f\u00fcr den gesamten Fertigungsprozess. Ziel des Projektes EASY ist es, diese Mehrwerte dadurch zu bewirken, dass ein leicht nutzbares Edge-Cloud-Kontinuum geschaffen wird, das eine Laufzeitumgebung und Dienste f\u00fcr die Ausf\u00fchrung KI-basierter Analyse- und Steuerungsprozesse bereitstellt. Innerhalb dieses Kontinuums wird automatisiert eine dynamische, im Hinblick auf Energiebedarf, Datennutzung und -\u00fcbertragung optimierte, verteilte Ausf\u00fchrung der Dienste im gesamten Spektrum von zentralen Cloud- bis dezentralen Edge-Instanzen erm\u00f6glicht. Insbesondere werden so Data Science- und Steuerungsverfahren leichter f\u00fcr die Automatisierung auf SPS- und Feldebene nutzbar, sodass sich f\u00fcr Anbieter solcher Verfahren neue Marktperspektiven erschlie\u00dfen. Durch Standardisierung und Offenheit wird dazu ein umfassendes \u00d6kosystem geschaffen, welches f\u00fcr rasches Wachstum und internationale Strahlkraft sorgt und zugleich die Markteintrittsbarrieren f\u00fcr neue Akteure, insbesondere KMUs senkt.<\/p>\n\n\n\n<p><strong>Konsortium:<\/strong><\/p>\n\n\n\n<p>7 deutsche Partner + 1 Partner aus \u00d6sterreich<\/p>\n\n\n\n<ul class=\"wp-block-list\">\n<li><strong><a href=\"https:\/\/easy-edge-cloud.de\/?page_id=55\" data-type=\"page\" data-id=\"55\">Empolis Information Management GmbH<\/a> (Koordinator)<\/strong>,<\/li>\n\n\n\n<li>ArtiMinds Robotics GmbH,<\/li>\n\n\n\n<li><a href=\"https:\/\/easy-edge-cloud.de\/?page_id=53\" data-type=\"page\" data-id=\"53\">Hochschule Trier<\/a>,<\/li>\n\n\n\n<li><a href=\"https:\/\/easy-edge-cloud.de\/?page_id=22\" data-type=\"page\" data-id=\"22\">Deutsches Forschungszentrum f\u00fcr K\u00fcnstliche Intelligenz GmbH (DFKI)<\/a>,<\/li>\n\n\n\n<li><a href=\"https:\/\/easy-edge-cloud.de\/?page_id=44\" data-type=\"page\" data-id=\"44\">coboworx GmbH<\/a>,<\/li>\n\n\n\n<li><a href=\"https:\/\/easy-edge-cloud.de\/?page_id=49\" data-type=\"page\" data-id=\"49\">Robert Bosch GmbH<\/a>,<\/li>\n\n\n\n<li><a href=\"https:\/\/easy-edge-cloud.de\/?page_id=47\" data-type=\"page\" data-id=\"47\">Fraunhofer IOSB-INA<\/a> und<\/li>\n\n\n\n<li><a href=\"https:\/\/easy-edge-cloud.de\/?page_id=51\" data-type=\"page\" data-id=\"51\">Salzburg Research<\/a> (\u00d6sterreich)<\/li>\n<\/ul>\n\n\n\n<p><strong>Kontakt:<\/strong><\/p>\n\n\n\n<p><a href=\"mailto:ralph.traphoener@empolis.com\">ralph.traphoener@empolis.com<\/a><\/p>\n","protected":false},"excerpt":{"rendered":"<p>Energieeffiziente Analyse- und Steuerungsprozesse im dynamischen Edge-Cloud-Kontinuum f\u00fcr die industrielle Fertigung EASY ist ein vom Bundesministerium f\u00fcr Wirtschaft und Klimaschutz im Rahmen des Programms Edge Datenwirtschaft gef\u00f6rdertes Projekt. F\u00fcr die Fertigungsorganisation nach dem Leitbild der Industrie 4.0, erm\u00f6glicht das Edge Computing die datensouver\u00e4ne, echtzeitnahe Verarbeitung von Daten direkt am Ort der Entstehung. Durch die mit &hellip; <a href=\"https:\/\/easy-edge-cloud.de\/\" class=\"more-link\"><span class=\"screen-reader-text\">EASY<\/span> weiterlesen<\/a><\/p>\n","protected":false},"author":2,"featured_media":0,"parent":0,"menu_order":0,"comment_status":"closed","ping_status":"closed","template":"","meta":{"footnotes":""},"class_list":["post-20","page","type-page","status-publish","hentry"],"_links":{"self":[{"href":"https:\/\/easy-edge-cloud.de\/index.php?rest_route=\/wp\/v2\/pages\/20","targetHints":{"allow":["GET"]}}],"collection":[{"href":"https:\/\/easy-edge-cloud.de\/index.php?rest_route=\/wp\/v2\/pages"}],"about":[{"href":"https:\/\/easy-edge-cloud.de\/index.php?rest_route=\/wp\/v2\/types\/page"}],"author":[{"embeddable":true,"href":"https:\/\/easy-edge-cloud.de\/index.php?rest_route=\/wp\/v2\/users\/2"}],"replies":[{"embeddable":true,"href":"https:\/\/easy-edge-cloud.de\/index.php?rest_route=%2Fwp%2Fv2%2Fcomments&post=20"}],"version-history":[{"count":6,"href":"https:\/\/easy-edge-cloud.de\/index.php?rest_route=\/wp\/v2\/pages\/20\/revisions"}],"predecessor-version":[{"id":80,"href":"https:\/\/easy-edge-cloud.de\/index.php?rest_route=\/wp\/v2\/pages\/20\/revisions\/80"}],"wp:attachment":[{"href":"https:\/\/easy-edge-cloud.de\/index.php?rest_route=%2Fwp%2Fv2%2Fmedia&parent=20"}],"curies":[{"name":"wp","href":"https:\/\/api.w.org\/{rel}","templated":true}]}}